{"id":114,"date":"2014-11-03T19:12:22","date_gmt":"2014-11-03T18:12:22","guid":{"rendered":"http:\/\/www.renaissance-vieux-boulogne.fr\/?page_id=114"},"modified":"2019-01-20T21:51:55","modified_gmt":"2019-01-20T20:51:55","slug":"liste-des-cahiers-publies","status":"publish","type":"page","link":"https:\/\/www.renaissance-vieux-boulogne.fr\/?page_id=114","title":{"rendered":"Listes des Cahiers du Patrimoine Boulonnais publi\u00e9s depuis 1978"},"content":{"rendered":"<p><a href=\"http:\/\/www.renaissance-vieux-boulogne.fr\/wp-content\/uploads\/2019\/01\/Liste_cahiers_chrono.pdf\">Liste chronologique<\/a> (derni\u00e8re mise \u00e0 jour : 20 janvier 2019)<\/p>\n<p>Listes th\u00e9matiques<\/p>\n<ul>\n<li><a href=\"http:\/\/www.renaissance-vieux-boulogne.fr\/wp-content\/uploads\/2016\/06\/cahiers_archit_bat_etc.pdf\">Architecture\/B\u00e2timents\/Monuments\/Mobilier\/Places et rues\u00a0<\/a><\/li>\n<li><a href=\"http:\/\/www.renaissance-vieux-boulogne.fr\/wp-content\/uploads\/2019\/01\/cahiers_art_litterature_langue_media.pdf\">Arts\/Litt\u00e9rature\/Langue\/Medias<\/a>\u00a0(derni\u00e8re mise \u00e0 jour : 20 janvier 2019)<\/li>\n<li><a href=\"http:\/\/www.renaissance-vieux-boulogne.fr\/wp-content\/uploads\/2016\/06\/cahiers_commemo_even.pdf\">Comm\u00e9morations\/Ev\u00e9nements\u00a0<\/a><\/li>\n<li><a href=\"http:\/\/www.renaissance-vieux-boulogne.fr\/wp-content\/uploads\/2016\/06\/cahiers_cong_instit.pdf\">Congr\u00e9gations\/Institutions<\/a><\/li>\n<li><a href=\"http:\/\/www.renaissance-vieux-boulogne.fr\/wp-content\/uploads\/2019\/01\/cahiers_histoire.pdf\">Histoire<\/a> (derni\u00e8re mise \u00e0 jour : 20 janvier 2019)<\/li>\n<li><a href=\"http:\/\/www.renaissance-vieux-boulogne.fr\/wp-content\/uploads\/2019\/01\/cahiers_industrie_commerce.pdf\">Commerce\/Industrie<\/a> (derni\u00e8re mise \u00e0 jour : 20 janvier 2019)<\/li>\n<li><a href=\"http:\/\/www.renaissance-vieux-boulogne.fr\/wp-content\/uploads\/2015\/09\/cahiers_villes_paysages.pdf\">Paysages\/Villes et Villages<\/a><\/li>\n<li><a href=\"http:\/\/www.renaissance-vieux-boulogne.fr\/wp-content\/uploads\/2019\/01\/cahiers_personnes_celebres_alp.pdf\">Personnes_c\u00e9l\u00e8bres<\/a>\u00a0(derni\u00e8re mise \u00e0 jour : 20 janvier 2019)<\/li>\n<li><a href=\"http:\/\/www.renaissance-vieux-boulogne.fr\/wp-content\/uploads\/2014\/11\/cahiers_vie_maritime.pdf\">Vie maritime<\/a>\u00a0 (derni\u00e8re mise \u00e0 jour : 14 juillet 2017)<\/li>\n<li><a href=\"http:\/\/www.renaissance-vieux-boulogne.fr\/wp-content\/uploads\/2019\/01\/cahiers_vie_quotidienne.pdf\">Vie_quotidienne<\/a> (derni\u00e8re mise \u00e0 jour : 20 janvier 2019)<\/li>\n<\/ul>\n<p style=\"text-align: center;\"><strong><a href=\"http:\/\/www.renaissance-vieux-boulogne.fr\/?page_id=219\" target=\"_blank\" rel=\"noopener noreferrer\">Pour vous les procurer<\/a><\/strong><\/p>\n","protected":false},"excerpt":{"rendered":"<p>Liste chronologique (derni\u00e8re mise \u00e0 jour : 20 janvier 2019) Listes th\u00e9matiques Architecture\/B\u00e2timents\/Monuments\/Mobilier\/Places et rues\u00a0 Arts\/Litt\u00e9rature\/Langue\/Medias\u00a0(derni\u00e8re mise \u00e0 jour : 20 janvier 2019) Comm\u00e9morations\/Ev\u00e9nements\u00a0 Congr\u00e9gations\/Institutions Histoire (derni\u00e8re mise \u00e0 jour : 20 janvier 2019) Commerce\/Industrie (derni\u00e8re mise \u00e0 jour : 20 janvier 2019) Paysages\/Villes et Villages Personnes_c\u00e9l\u00e8bres\u00a0(derni\u00e8re mise \u00e0 jour : 20 janvier 2019) Vie &hellip; <a href=\"https:\/\/www.renaissance-vieux-boulogne.fr\/?page_id=114\" class=\"more-link\">Continuer la lecture de <span class=\"screen-reader-text\">Listes des Cahiers du Patrimoine Boulonnais publi\u00e9s depuis 1978<\/span>  <span class=\"meta-nav\">&rarr;<\/span><\/a><\/p>\n","protected":false},"author":1,"featured_media":0,"parent":0,"menu_order":0,"comment_status":"closed","ping_status":"closed","template":"","meta":{"footnotes":""},"class_list":["post-114","page","type-page","status-publish","hentry"],"_links":{"self":[{"href":"https:\/\/www.renaissance-vieux-boulogne.fr\/index.php?rest_route=\/wp\/v2\/pages\/114","targetHints":{"allow":["GET"]}}],"collection":[{"href":"https:\/\/www.renaissance-vieux-boulogne.fr\/index.php?rest_route=\/wp\/v2\/pages"}],"about":[{"href":"https:\/\/www.renaissance-vieux-boulogne.fr\/index.php?rest_route=\/wp\/v2\/types\/page"}],"author":[{"embeddable":true,"href":"https:\/\/www.renaissance-vieux-boulogne.fr\/index.php?rest_route=\/wp\/v2\/users\/1"}],"replies":[{"embeddable":true,"href":"https:\/\/www.renaissance-vieux-boulogne.fr\/index.php?rest_route=%2Fwp%2Fv2%2Fcomments&post=114"}],"version-history":[{"count":91,"href":"https:\/\/www.renaissance-vieux-boulogne.fr\/index.php?rest_route=\/wp\/v2\/pages\/114\/revisions"}],"predecessor-version":[{"id":2267,"href":"https:\/\/www.renaissance-vieux-boulogne.fr\/index.php?rest_route=\/wp\/v2\/pages\/114\/revisions\/2267"}],"wp:attachment":[{"href":"https:\/\/www.renaissance-vieux-boulogne.fr\/index.php?rest_route=%2Fwp%2Fv2%2Fmedia&parent=114"}],"curies":[{"name":"wp","href":"https:\/\/api.w.org\/{rel}","templated":true}]}}