{"id":211,"date":"2014-11-08T16:18:48","date_gmt":"2014-11-08T15:18:48","guid":{"rendered":"http:\/\/www.renaissance-vieux-boulogne.fr\/?page_id=211"},"modified":"2025-12-04T12:43:26","modified_gmt":"2025-12-04T11:43:26","slug":"assoc","status":"publish","type":"page","link":"https:\/\/www.renaissance-vieux-boulogne.fr\/?page_id=211","title":{"rendered":"L&rsquo;association"},"content":{"rendered":"<p style=\"text-align: center;\">Association \u00e0 but non lucratif, loi 1901<\/p>\n<p><em>Renaissance du Vieux Boulogne<\/em> est une association \u00e0 vocation culturelle qui, d\u00e8s ses origines, s&rsquo;est propos\u00e9 de promouvoir le patrimoine boulonnais.<\/p>\n<p>Elle r\u00e9pond \u00e0 sa double vocation par l&rsquo;organisation de conf\u00e9rences mensuelles dont la plupart mettent au jour des points sp\u00e9cifiques de l&rsquo;histoire et du patrimoine boulonnais. Elle fait para\u00eetre deux fois l&rsquo;an une revue intitul\u00e9e <a href=\"https:\/\/www.renaissance-vieux-boulogne.fr\/?page_id=219\" target=\"_blank\" rel=\"noopener\"><em>Les Cahiers du Patrimoine Boulonnais<\/em><\/a> dans laquelle des sp\u00e9cialistes de l&rsquo;histoire locale rendent compte de leurs recherches : historiques, litt\u00e9raires, artistiques, architecturales etc.<\/p>\n<p>Elle a r\u00e9cemment \u00e9dit\u00e9, le texte de <a href=\"https:\/\/www.renaissance-vieux-boulogne.fr\/?p=4503\" target=\"_blank\" rel=\"noopener\">deux revues patoisantes boulonnaises anciennes<\/a>, de fa\u00e7on \u00e0 rendre accessible \u00e0 la recherche ce patrimoine immat\u00e9riel.<\/p>\n<p>Elle promeut \u00e9galement les ouvrages portant sur le patrimoine boulonnais et participe au salon de l&rsquo;histoire en pays boulonnais.<\/p>\n<p>Par ailleurs, elle propose \u00e0 ses adh\u00e9rents par le biais de sorties culturelles guid\u00e9es la d\u00e9couverte des mus\u00e9es et patrimoine b\u00e2ti d&rsquo;autres r\u00e9gions.<\/p>\n<p style=\"text-align: center;\"><strong>Date de cr\u00e9ation<\/strong><\/p>\n<p style=\"text-align: center;\">1973<\/p>\n<p style=\"text-align: center;\"><strong>Nombre d&rsquo;adh\u00e9rents<\/strong><\/p>\n<p style=\"text-align: center;\">151<\/p>\n<p style=\"text-align: center;\"><strong>Composition du bureau<\/strong><\/p>\n<p style=\"text-align: left;\">Pr\u00e9sidente : Yvette Talfer ; Tr\u00e9sori\u00e8re : Fran\u00e7oise Watel ; Responsable des <em>Cahiers du Patrimoine Boulonnais<\/em> : Jean-Pierre Tancr\u00e9 ; R\u00e9dactrice du site internet : Anne-Marie Cojez.<\/p>\n<p style=\"text-align: center;\"><strong>Permanence<\/strong><\/p>\n<p style=\"text-align: left;\">Le vendredi apr\u00e8s-midi de 14h30 \u00e0 16h30 (sauf pendant les vacances scolaires)<\/p>\n<p style=\"text-align: left;\">Salle des Associations, Ch\u00e2teau-mus\u00e9e, rue de Bernet, Boulogne-sur-mer<\/p>\n<p style=\"text-align: center;\"><strong>Nous contacter<\/strong><\/p>\n<p style=\"text-align: left;\">Ch\u00e2teau-Mus\u00e9e, rue de Bernet 62200 Boulogne-sur-mer<\/p>\n<p style=\"text-align: center;\"><a class=\"moz-txt-link-abbreviated\" href=\"mailto:contact@renaissance-vieux-boulogne.fr\">renaissancevieuxboulogne@gmail.com<\/a><\/p>\n<p style=\"text-align: center;\"><strong>Adh\u00e9sion<\/strong><\/p>\n<p style=\"text-align: left;\">Cotisation annuelle : 27 euros pour une personne, 32 euros pour un couple<\/p>\n<h2 style=\"text-align: center;\"><a href=\"https:\/\/www.renaissance-vieux-boulogne.fr\/wp-content\/uploads\/2025\/01\/rvb_BULLETIN_ADHESION_2025.pdf\" target=\"_blank\" rel=\"noopener\">Adh\u00e9rer \u00e0 l&rsquo;association<\/a><\/h2>\n<p style=\"text-align: center;\">\n","protected":false},"excerpt":{"rendered":"<p>Association \u00e0 but non lucratif, loi 1901 Renaissance du Vieux Boulogne est une association \u00e0 vocation culturelle qui, d\u00e8s ses origines, s&rsquo;est propos\u00e9 de promouvoir le patrimoine boulonnais. Elle r\u00e9pond \u00e0 sa double vocation par l&rsquo;organisation de conf\u00e9rences mensuelles dont la plupart mettent au jour des points sp\u00e9cifiques de l&rsquo;histoire et du patrimoine boulonnais. Elle &hellip; <a href=\"https:\/\/www.renaissance-vieux-boulogne.fr\/?page_id=211\" class=\"more-link\">Continuer la lecture de <span class=\"screen-reader-text\">L&rsquo;association<\/span>  <span class=\"meta-nav\">&rarr;<\/span><\/a><\/p>\n","protected":false},"author":1,"featured_media":0,"parent":0,"menu_order":0,"comment_status":"closed","ping_status":"closed","template":"","meta":{"footnotes":""},"class_list":["post-211","page","type-page","status-publish","hentry"],"_links":{"self":[{"href":"https:\/\/www.renaissance-vieux-boulogne.fr\/index.php?rest_route=\/wp\/v2\/pages\/211","targetHints":{"allow":["GET"]}}],"collection":[{"href":"https:\/\/www.renaissance-vieux-boulogne.fr\/index.php?rest_route=\/wp\/v2\/pages"}],"about":[{"href":"https:\/\/www.renaissance-vieux-boulogne.fr\/index.php?rest_route=\/wp\/v2\/types\/page"}],"author":[{"embeddable":true,"href":"https:\/\/www.renaissance-vieux-boulogne.fr\/index.php?rest_route=\/wp\/v2\/users\/1"}],"replies":[{"embeddable":true,"href":"https:\/\/www.renaissance-vieux-boulogne.fr\/index.php?rest_route=%2Fwp%2Fv2%2Fcomments&post=211"}],"version-history":[{"count":26,"href":"https:\/\/www.renaissance-vieux-boulogne.fr\/index.php?rest_route=\/wp\/v2\/pages\/211\/revisions"}],"predecessor-version":[{"id":4513,"href":"https:\/\/www.renaissance-vieux-boulogne.fr\/index.php?rest_route=\/wp\/v2\/pages\/211\/revisions\/4513"}],"wp:attachment":[{"href":"https:\/\/www.renaissance-vieux-boulogne.fr\/index.php?rest_route=%2Fwp%2Fv2%2Fmedia&parent=211"}],"curies":[{"name":"wp","href":"https:\/\/api.w.org\/{rel}","templated":true}]}}