{"id":219,"date":"2014-11-08T16:32:50","date_gmt":"2014-11-08T15:32:50","guid":{"rendered":"http:\/\/www.renaissance-vieux-boulogne.fr\/?page_id=219"},"modified":"2025-12-26T19:54:23","modified_gmt":"2025-12-26T18:54:23","slug":"cahiers","status":"publish","type":"page","link":"https:\/\/www.renaissance-vieux-boulogne.fr\/?page_id=219","title":{"rendered":"Les Cahiers du Patrimoine Boulonnais"},"content":{"rendered":"<p><span style=\"color: #240404;\"><em>Renaissance du Vieux Boulogne<\/em> publie une revue semestrielle intitul\u00e9e <em>Les Cahiers du Patrimoine Boulonnais.<\/em><\/span><span style=\"color: #240404;\">Les articles sont consacr\u00e9s au patrimoine mat\u00e9riel et immat\u00e9riel du Boulonnais. Ils abordent des sujets sp\u00e9cifiques, souvent sp\u00e9cialis\u00e9s, apportant un \u00e9clairage nouveau sur des aspects connus ou moins connus de l&rsquo;histoire boulonnaise.<\/span><\/p>\n<p><span style=\"color: #ffffff;\"><span style=\"color: #240404;\">Les contributeurs, qu&rsquo;ils soient historiens locaux, journalistes, guides-conf\u00e9renciers, universitaires &#8230;,\u00a0 font tous acte de recherche et proposent aux lecteurs des articles de qualit\u00e9.<\/span><\/span><\/p>\n<p><span style=\"color: #240404;\">De 1978 \u00e0 2010, les Cahiers avaient pour titre <em>Les Cahiers du Vieux Boulogne<\/em>. En 2010, l&rsquo;association, pour mettre en ad\u00e9quation les contenus et l&rsquo;intitul\u00e9, les a rebaptis\u00e9s<em> Les Cahiers du Patrimoine Boulonnais.<\/em><\/span><\/p>\n<p style=\"text-align: center;\"><strong>Au sommaire des derniers num\u00e9ros<\/strong>\u200b<\/p>\n<table style=\"width: 87.4942%; height: 895px;\">\n<tbody>\n<tr style=\"height: 18px;\">\n<td style=\"width: 33.3333%; text-align: left; vertical-align: top; height: 18px;\"><a href=\"https:\/\/www.renaissance-vieux-boulogne.fr\/?p=4579\" target=\"_blank\" rel=\"noopener\"><img loading=\"lazy\" decoding=\"async\" class=\"alignnone size-full wp-image-4572\" src=\"https:\/\/www.renaissance-vieux-boulogne.fr\/wp-content\/uploads\/2025\/12\/cahier_92_couv_min-1.jpg\" alt=\"\" width=\"197\" height=\"280\" \/><\/a>92<\/td>\n<td style=\"width: 33.3333%; text-align: left; vertical-align: top; height: 18px;\"><a href=\"https:\/\/www.renaissance-vieux-boulogne.fr\/?p=4265\" target=\"_blank\" rel=\"noopener\"><img loading=\"lazy\" decoding=\"async\" class=\"alignnone size-medium wp-image-4360\" src=\"https:\/\/www.renaissance-vieux-boulogne.fr\/wp-content\/uploads\/2025\/10\/cahier_91_couv_min-209x300.jpg\" alt=\"\" width=\"209\" height=\"300\" srcset=\"https:\/\/www.renaissance-vieux-boulogne.fr\/wp-content\/uploads\/2025\/10\/cahier_91_couv_min-209x300.jpg 209w, https:\/\/www.renaissance-vieux-boulogne.fr\/wp-content\/uploads\/2025\/10\/cahier_91_couv_min.jpg 243w\" sizes=\"auto, (max-width: 209px) 100vw, 209px\" \/><\/a>91<\/td>\n<td style=\"width: 33.105%; text-align: left; vertical-align: top; height: 18px;\"><a href=\"https:\/\/www.renaissance-vieux-boulogne.fr\/?p=4104\" target=\"_blank\" rel=\"noopener\"><img loading=\"lazy\" decoding=\"async\" class=\"alignnone size-medium wp-image-4113\" src=\"https:\/\/www.renaissance-vieux-boulogne.fr\/wp-content\/uploads\/2024\/12\/cahier_90_couv_min-218x300.jpg\" alt=\"\" width=\"218\" height=\"300\" srcset=\"https:\/\/www.renaissance-vieux-boulogne.fr\/wp-content\/uploads\/2024\/12\/cahier_90_couv_min-218x300.jpg 218w, https:\/\/www.renaissance-vieux-boulogne.fr\/wp-content\/uploads\/2024\/12\/cahier_90_couv_min.jpg 255w\" sizes=\"auto, (max-width: 218px) 100vw, 218px\" \/><\/a>90<\/td>\n<\/tr>\n<tr style=\"height: 120px;\">\n<td style=\"width: 33.3333%; vertical-align: top; height: 98px; text-align: left;\"><a href=\"https:\/\/www.renaissance-vieux-boulogne.fr\/?p=4003\" target=\"_blank\" rel=\"noopener\"><img loading=\"lazy\" decoding=\"async\" class=\"alignnone size-medium wp-image-3939\" src=\"https:\/\/www.renaissance-vieux-boulogne.fr\/wp-content\/uploads\/2024\/05\/rvb_cahier_89_min-211x300.jpg\" alt=\"\" width=\"211\" height=\"300\" srcset=\"https:\/\/www.renaissance-vieux-boulogne.fr\/wp-content\/uploads\/2024\/05\/rvb_cahier_89_min-211x300.jpg 211w, https:\/\/www.renaissance-vieux-boulogne.fr\/wp-content\/uploads\/2024\/05\/rvb_cahier_89_min.jpg 245w\" sizes=\"auto, (max-width: 211px) 100vw, 211px\" \/><\/a>89<\/td>\n<td style=\"width: 33.3333%; vertical-align: top; height: 98px; text-align: left;\"><a href=\"https:\/\/www.renaissance-vieux-boulogne.fr\/?p=4096\" target=\"_blank\" rel=\"noopener\"><img loading=\"lazy\" decoding=\"async\" class=\"alignnone size-medium wp-image-3940\" src=\"https:\/\/www.renaissance-vieux-boulogne.fr\/wp-content\/uploads\/2024\/05\/rvb_cahier_88_min-218x300.jpg\" alt=\"\" width=\"218\" height=\"300\" srcset=\"https:\/\/www.renaissance-vieux-boulogne.fr\/wp-content\/uploads\/2024\/05\/rvb_cahier_88_min-218x300.jpg 218w, https:\/\/www.renaissance-vieux-boulogne.fr\/wp-content\/uploads\/2024\/05\/rvb_cahier_88_min.jpg 255w\" sizes=\"auto, (max-width: 218px) 100vw, 218px\" \/><\/a>88<\/td>\n<td style=\"width: 33.105%; vertical-align: top; height: 98px; text-align: left;\"><a href=\"https:\/\/www.renaissance-vieux-boulogne.fr\/?p=3729\" target=\"_blank\" rel=\"noopener\"><img loading=\"lazy\" decoding=\"async\" class=\" wp-image-3724\" src=\"https:\/\/www.renaissance-vieux-boulogne.fr\/wp-content\/uploads\/2023\/11\/cahier_87_couv_min.jpg\" alt=\"\" width=\"128\" height=\"181\" \/><\/a>87<\/td>\n<\/tr>\n<tr style=\"height: 200px;\">\n<td style=\"width: 33.3333%; text-align: left; vertical-align: top; height: 200px;\"><a href=\"https:\/\/www.renaissance-vieux-boulogne.fr\/?p=3545\" target=\"_blank\" rel=\"noopener\"><img loading=\"lazy\" decoding=\"async\" class=\"alignnone size-medium wp-image-3539\" src=\"https:\/\/www.renaissance-vieux-boulogne.fr\/wp-content\/uploads\/2023\/01\/cahier_86_couv_min-213x300.jpg\" alt=\"\" width=\"213\" height=\"300\" srcset=\"https:\/\/www.renaissance-vieux-boulogne.fr\/wp-content\/uploads\/2023\/01\/cahier_86_couv_min-213x300.jpg 213w, https:\/\/www.renaissance-vieux-boulogne.fr\/wp-content\/uploads\/2023\/01\/cahier_86_couv_min.jpg 245w\" sizes=\"auto, (max-width: 213px) 100vw, 213px\" \/><\/a>86<\/td>\n<td style=\"width: 33.3333%; text-align: left; vertical-align: top; height: 200px;\"><a href=\"https:\/\/www.renaissance-vieux-boulogne.fr\/?p=3543\" target=\"_blank\" rel=\"noopener\"><img loading=\"lazy\" decoding=\"async\" class=\"alignnone size-full wp-image-3538\" src=\"https:\/\/www.renaissance-vieux-boulogne.fr\/wp-content\/uploads\/2023\/01\/cahier_85_couv_min.jpg\" alt=\"\" width=\"165\" height=\"234\" \/><\/a>85<\/td>\n<td style=\"width: 33.105%; text-align: left; vertical-align: top; height: 200px;\"><a href=\"https:\/\/www.renaissance-vieux-boulogne.fr\/?p=3540\" target=\"_blank\" rel=\"noopener\"><img loading=\"lazy\" decoding=\"async\" class=\"alignnone  wp-image-3537\" src=\"https:\/\/www.renaissance-vieux-boulogne.fr\/wp-content\/uploads\/2023\/01\/cahier_84_couv_min.jpg\" alt=\"\" width=\"129\" height=\"183\" \/><\/a>84<\/td>\n<\/tr>\n<tr style=\"height: 203px;\">\n<td style=\"width: 33.3333%; text-align: left; vertical-align: top; height: 203px;\">\n<p><figure id=\"attachment_3177\" aria-describedby=\"caption-attachment-3177\" style=\"width: 129px\" class=\"wp-caption alignnone\"><a href=\"http:\/\/www.renaissance-vieux-boulogne.fr\/?p=3202\" target=\"_blank\" rel=\"noopener noreferrer\"><img loading=\"lazy\" decoding=\"async\" class=\"wp-image-3177 size-full\" src=\"http:\/\/www.renaissance-vieux-boulogne.fr\/wp-content\/uploads\/2021\/09\/cahier_83_couv_min-e1632850027922.jpg\" alt=\"\" width=\"129\" height=\"178\" \/><\/a><figcaption id=\"caption-attachment-3177\" class=\"wp-caption-text\">83<\/figcaption><\/figure><\/td>\n<td style=\"width: 33.3333%; text-align: left; vertical-align: top; height: 203px;\">\n<p><figure id=\"attachment_3180\" aria-describedby=\"caption-attachment-3180\" style=\"width: 127px\" class=\"wp-caption alignnone\"><a href=\"http:\/\/www.renaissance-vieux-boulogne.fr\/?p=3198\" target=\"_blank\" rel=\"noopener noreferrer\"><img loading=\"lazy\" decoding=\"async\" class=\"wp-image-3180 size-full\" src=\"http:\/\/www.renaissance-vieux-boulogne.fr\/wp-content\/uploads\/2021\/09\/cahier_82_couv_min-e1632850153574.jpg\" alt=\"\" width=\"127\" height=\"179\" \/><\/a><figcaption id=\"caption-attachment-3180\" class=\"wp-caption-text\">82<\/figcaption><\/figure><\/td>\n<td style=\"width: 33.105%; text-align: left; vertical-align: top; height: 203px;\">\n<p><figure id=\"attachment_3038\" aria-describedby=\"caption-attachment-3038\" style=\"width: 127px\" class=\"wp-caption alignnone\"><a href=\"http:\/\/www.renaissance-vieux-boulogne.fr\/?p=3057\" target=\"_blank\" rel=\"noopener noreferrer\"><img loading=\"lazy\" decoding=\"async\" class=\"wp-image-3038 size-full\" src=\"http:\/\/www.renaissance-vieux-boulogne.fr\/wp-content\/uploads\/2020\/07\/couverture_min_cahier81.jpg\" alt=\"\" width=\"127\" height=\"178\" \/><\/a><figcaption id=\"caption-attachment-3038\" class=\"wp-caption-text\">81<\/figcaption><\/figure><\/td>\n<\/tr>\n<tr style=\"height: 201px;\">\n<td style=\"width: 33.3333%; text-align: left; vertical-align: top; height: 201px;\">\n<p><figure id=\"attachment_2813\" aria-describedby=\"caption-attachment-2813\" style=\"width: 126px\" class=\"wp-caption alignnone\"><a href=\"http:\/\/www.renaissance-vieux-boulogne.fr\/?p=2816\" target=\"_blank\" rel=\"noopener noreferrer\"><img loading=\"lazy\" decoding=\"async\" class=\"wp-image-2813 size-full\" src=\"http:\/\/www.renaissance-vieux-boulogne.fr\/wp-content\/uploads\/2019\/12\/couverture_min_80-e1576851209232.jpg\" alt=\"\" width=\"126\" height=\"177\" \/><\/a><figcaption id=\"caption-attachment-2813\" class=\"wp-caption-text\">80<\/figcaption><\/figure><\/td>\n<td style=\"width: 33.3333%; text-align: left; vertical-align: top; height: 201px;\">\n<p><figure id=\"attachment_2572\" aria-describedby=\"caption-attachment-2572\" style=\"width: 128px\" class=\"wp-caption alignnone\"><a href=\"http:\/\/www.renaissance-vieux-boulogne.fr\/?p=2700\" target=\"_blank\" rel=\"noopener noreferrer\"><img loading=\"lazy\" decoding=\"async\" class=\"wp-image-2572 size-full\" src=\"http:\/\/www.renaissance-vieux-boulogne.fr\/wp-content\/uploads\/2019\/09\/couverture_min_79.jpg\" alt=\"\" width=\"128\" height=\"176\" \/><\/a><figcaption id=\"caption-attachment-2572\" class=\"wp-caption-text\">79<\/figcaption><\/figure><\/td>\n<td style=\"width: 33.105%; text-align: left; vertical-align: top; height: 201px;\">\n<p><figure id=\"attachment_2173\" aria-describedby=\"caption-attachment-2173\" style=\"width: 127px\" class=\"wp-caption alignnone\"><a href=\"http:\/\/www.renaissance-vieux-boulogne.fr\/?p=2277\" target=\"_blank\" rel=\"noopener noreferrer\"><img loading=\"lazy\" decoding=\"async\" class=\"wp-image-2173 size-full\" src=\"http:\/\/www.renaissance-vieux-boulogne.fr\/wp-content\/uploads\/2019\/01\/couverture_min_78.jpg\" alt=\"\" width=\"127\" height=\"174\" \/><\/a><figcaption id=\"caption-attachment-2173\" class=\"wp-caption-text\">78<\/figcaption><\/figure><\/td>\n<\/tr>\n<tr style=\"height: 175px;\">\n<td style=\"width: 33.3333%; text-align: left; vertical-align: top; height: 175px;\"><a href=\"http:\/\/www.renaissance-vieux-boulogne.fr\/?p=1859\"><img loading=\"lazy\" decoding=\"async\" class=\"wp-image-1857 size-full\" src=\"http:\/\/www.renaissance-vieux-boulogne.fr\/wp-content\/uploads\/2017\/07\/couverture_min_77.jpg\" alt=\"\" width=\"127\" height=\"174\" \/><\/a><\/td>\n<td style=\"width: 33.3333%; text-align: left; vertical-align: top; height: 175px;\"><a href=\"http:\/\/www.renaissance-vieux-boulogne.fr\/?p=1787\"><img loading=\"lazy\" decoding=\"async\" class=\"wp-image-1877 size-full\" src=\"http:\/\/www.renaissance-vieux-boulogne.fr\/wp-content\/uploads\/2017\/08\/couverture_min_76.jpg\" alt=\"\" width=\"127\" height=\"174\" \/><\/a><\/td>\n<td style=\"width: 33.105%; text-align: left; vertical-align: top; height: 175px;\"><a href=\"http:\/\/www.renaissance-vieux-boulogne.fr\/?p=1640\" target=\"_blank\" rel=\"noopener noreferrer\"><img loading=\"lazy\" decoding=\"async\" class=\"wp-image-1558 size-full\" src=\"http:\/\/www.renaissance-vieux-boulogne.fr\/wp-content\/uploads\/2017\/08\/couverture_min_cahier75.jpg\" alt=\"\" width=\"127\" height=\"175\" \/><\/a><\/td>\n<\/tr>\n<\/tbody>\n<\/table>\n<h4 style=\"text-align: center;\"><span style=\"color: #ff6600;\"><strong>Liste des Cahiers depuis leur cr\u00e9ation<\/strong><\/span><\/h4>\n<p style=\"text-align: center;\">Liste chronologique<\/p>\n<ul>\n<li><strong><a href=\"https:\/\/www.renaissance-vieux-boulogne.fr\/wp-content\/uploads\/2025\/12\/Liste_cahiers_chrono.pdf\" target=\"_blank\" rel=\"noopener\">Liste_des cahiers_par ordre de parution<\/a>\u00a0<\/strong>(derni\u00e8re mise \u00e0 jour : 26 d\u00e9cembre 2025)<\/li>\n<\/ul>\n<p style=\"text-align: center;\">Listes th\u00e9matiques<\/p>\n<ul>\n<li><strong><a href=\"https:\/\/www.renaissance-vieux-boulogne.fr\/wp-content\/uploads\/2024\/12\/cahiers_archit_bat.pdf\" target=\"_blank\" rel=\"noopener\">Architecture\/Edifices\/Mobilier\/Rues\/Statues<\/a><\/strong>\u00a0(derni\u00e8re mise \u00e0 jour : 5 d\u00e9cembre 2024)<\/li>\n<li><strong><a href=\"https:\/\/www.renaissance-vieux-boulogne.fr\/wp-content\/uploads\/2025\/12\/cahiers_art_langue_media_spectacles.pdf\" target=\"_blank\" rel=\"noopener\">Arts\/Langues\/M\u00e9dias<\/a>\u00a0 \u00a0(<\/strong>derni\u00e8re mise \u00e0 jour : 26 d\u00e9cembre\u00a0 2025)<\/li>\n<li><strong><a href=\"https:\/\/www.renaissance-vieux-boulogne.fr\/wp-content\/uploads\/2022\/12\/cahiers_commemo_even.pdf\" target=\"_blank\" rel=\"noopener\">Comm\u00e9morations\/Ev\u00e9nements<\/a>\u00a0<\/strong>(derni\u00e8re mise \u00e0 jour : 21 d\u00e9cembre 2022)<\/li>\n<li><strong><a href=\"https:\/\/www.renaissance-vieux-boulogne.fr\/wp-content\/uploads\/2022\/12\/cahiers_cong_instit.pdf\" target=\"_blank\" rel=\"noopener\">Congr\u00e9gations\/Institutions<\/a><\/strong>\u00a0(derni\u00e8re mise \u00e0 jour le 22 d\u00e9cembre 2022)<\/li>\n<li><strong><a href=\"https:\/\/www.renaissance-vieux-boulogne.fr\/wp-content\/uploads\/2024\/12\/cahiers_histoire.pdf\" target=\"_blank\" rel=\"noopener\">Histoire\/Soci\u00e9t\u00e9<\/a> <\/strong>(derni\u00e8re mise \u00e0 jour : 5 d\u00e9cembre 2024)<\/li>\n<li><strong>Industrie\/commerce\/artisanat<\/strong> (derni\u00e8re mise \u00e0 jour : 26 d\u00e9cembre 2025)<\/li>\n<li><strong><a href=\"https:\/\/www.renaissance-vieux-boulogne.fr\/wp-content\/uploads\/2022\/12\/cahiers_villes_paysages-1.pdf\" target=\"_blank\" rel=\"noopener\">Paysages\/Villes\/Villages<\/a><\/strong>\u00a0(derni\u00e8re mise \u00e0 jour 22 d\u00e9cembre 2022)<\/li>\n<li><strong><a href=\"https:\/\/www.renaissance-vieux-boulogne.fr\/wp-content\/uploads\/2025\/12\/cahiers_personnes_celebres.pdf\" target=\"_blank\" rel=\"noopener\">Personnes_c\u00e9l\u00e8bres<\/a> <\/strong>(derni\u00e8re mise \u00e0 jour : 26 d\u00e9cembre 2025)<\/li>\n<li><strong><a href=\"https:\/\/www.renaissance-vieux-boulogne.fr\/wp-content\/uploads\/2025\/12\/cahiers_vie_maritime.pdf\" target=\"_blank\" rel=\"noopener\">Vie maritime<\/a> <\/strong>(derni\u00e8re mise \u00e0 jour : 26 d\u00e9cembre 2025)<\/li>\n<li><strong><a href=\"https:\/\/www.renaissance-vieux-boulogne.fr\/wp-content\/uploads\/2025\/12\/cahiers_vie_quotidienne_sante.pdf\" target=\"_blank\" rel=\"noopener\">Vie quotidienne\/Sant\u00e9 <\/a>\u00a0<\/strong>(derni\u00e8re mise \u00e0 jour : 26 d\u00e9cembre\u00a0 2025)<\/li>\n<li><strong><a href=\"https:\/\/www.renaissance-vieux-boulogne.fr\/wp-content\/uploads\/2025\/12\/cahier_sport_performances.pdf\" target=\"_blank\" rel=\"noopener\">Sports<\/a><\/strong>\u00a0(derni\u00e8re mise \u00e0 jour : 26 d\u00e9cembre 2025)<\/li>\n<\/ul>\n<p style=\"text-align: center;\"><span style=\"color: #ff6600;\"><strong>Vous procurer Les Cahiers<\/strong><\/span><\/p>\n<p>Points de vente<\/p>\n<ul>\n<li>FNAC 67 rue Faidherbe, 62 200 Boulogne-sur-mer<\/li>\n<li>Espace Culturel Leclerc, 1 Boulevard industriel, 62 230 Outreau<\/li>\n<li>Renaissance du Vieux Boulogne, Ch\u00e2teau-Mus\u00e9e, Rue de Bernet, 62 200 Boulogne-sur-mer (Permanence le vendredi apr\u00e8s-midi de 14h30 \u00e0 16h30, hors vacances scolaires)<\/li>\n<\/ul>\n<p style=\"text-align: left;\">Prix de vente des num\u00e9ros r\u00e9cents : 15 euros<\/p>\n<p style=\"text-align: left;\">Prix de vente des num\u00e9ros anciens : n\u00b0 1 \u00e0 61 : 5 euros ; n\u00b0 62 \u00e0 67 : 10 euros<\/p>\n<p>Les num\u00e9ros 1, 3, 6, 24, 34, 37, 40 sont \u00e9puis\u00e9s mais vous pouvez obtenir des photocopies. Prix : 5 euros frais d&rsquo;envoi compris.<\/p>\n<p style=\"text-align: center;\"><span style=\"color: #008000;\">nous contacter<\/span><\/p>\n<p style=\"text-align: center;\"><a href=\"mailto:renaissancevieuxboulogne@gmail.com\">renaissancevieuxboulogne@gmail.com<\/a><\/p>\n","protected":false},"excerpt":{"rendered":"<p>Renaissance du Vieux Boulogne publie une revue semestrielle intitul\u00e9e Les Cahiers du Patrimoine Boulonnais.Les articles sont consacr\u00e9s au patrimoine mat\u00e9riel et immat\u00e9riel du Boulonnais. Ils abordent des sujets sp\u00e9cifiques, souvent sp\u00e9cialis\u00e9s, apportant un \u00e9clairage nouveau sur des aspects connus ou moins connus de l&rsquo;histoire boulonnaise. Les contributeurs, qu&rsquo;ils soient historiens locaux, journalistes, guides-conf\u00e9renciers, universitaires &#8230;,\u00a0 &hellip; <a href=\"https:\/\/www.renaissance-vieux-boulogne.fr\/?page_id=219\" class=\"more-link\">Continuer la lecture de <span class=\"screen-reader-text\">Les Cahiers du Patrimoine Boulonnais<\/span>  <span class=\"meta-nav\">&rarr;<\/span><\/a><\/p>\n","protected":false},"author":1,"featured_media":0,"parent":0,"menu_order":0,"comment_status":"closed","ping_status":"closed","template":"","meta":{"footnotes":""},"class_list":["post-219","page","type-page","status-publish","hentry"],"_links":{"self":[{"href":"https:\/\/www.renaissance-vieux-boulogne.fr\/index.php?rest_route=\/wp\/v2\/pages\/219","targetHints":{"allow":["GET"]}}],"collection":[{"href":"https:\/\/www.renaissance-vieux-boulogne.fr\/index.php?rest_route=\/wp\/v2\/pages"}],"about":[{"href":"https:\/\/www.renaissance-vieux-boulogne.fr\/index.php?rest_route=\/wp\/v2\/types\/page"}],"author":[{"embeddable":true,"href":"https:\/\/www.renaissance-vieux-boulogne.fr\/index.php?rest_route=\/wp\/v2\/users\/1"}],"replies":[{"embeddable":true,"href":"https:\/\/www.renaissance-vieux-boulogne.fr\/index.php?rest_route=%2Fwp%2Fv2%2Fcomments&post=219"}],"version-history":[{"count":216,"href":"https:\/\/www.renaissance-vieux-boulogne.fr\/index.php?rest_route=\/wp\/v2\/pages\/219\/revisions"}],"predecessor-version":[{"id":4626,"href":"https:\/\/www.renaissance-vieux-boulogne.fr\/index.php?rest_route=\/wp\/v2\/pages\/219\/revisions\/4626"}],"wp:attachment":[{"href":"https:\/\/www.renaissance-vieux-boulogne.fr\/index.php?rest_route=%2Fwp%2Fv2%2Fmedia&parent=219"}],"curies":[{"name":"wp","href":"https:\/\/api.w.org\/{rel}","templated":true}]}}